{"id":6791,"date":"2026-02-12T16:18:08","date_gmt":"2026-02-12T15:18:08","guid":{"rendered":"https:\/\/staging.raizverde.com\/?post_type=product&#038;p=6791"},"modified":"2026-02-12T16:20:18","modified_gmt":"2026-02-12T15:20:18","slug":"cupressus-sempervirens-cipres-mediterraneo","status":"publish","type":"product","link":"https:\/\/staging.raizverde.com\/en\/product-2\/cupressus-sempervirens-cipres-mediterraneo\/","title":{"rendered":"CUPRESSUS SEMPERVIRENS (Cipr\u00e9s Mediterr\u00e1neo)"},"content":{"rendered":"<p data-start=\"0\" data-end=\"77\"><strong data-start=\"0\" data-end=\"77\">Cupressus sempervirens (Cipr\u00e9s mediterr\u00e1neo) \u2013 Seto elegante y resistente<\/strong><\/p>\n<p data-start=\"79\" data-end=\"337\">El <strong data-start=\"82\" data-end=\"108\">Cupressus sempervirens<\/strong> es una con\u00edfera perenne muy apreciada en jardiner\u00eda por su porte vertical, gran densidad y excelente resistencia. Es una opci\u00f3n ideal para crear <strong data-start=\"254\" data-end=\"263\">setos<\/strong>, <strong data-start=\"265\" data-end=\"288\">pantallas vegetales<\/strong> y <strong data-start=\"291\" data-end=\"313\">barreras naturales<\/strong> con bajo mantenimiento.<\/p>\n<p data-start=\"339\" data-end=\"550\">Gracias a su follaje compacto y su caracter\u00edstica forma columnar, el <strong data-start=\"408\" data-end=\"431\">cipr\u00e9s mediterr\u00e1neo<\/strong> proporciona <strong data-start=\"444\" data-end=\"478\">privacidad durante todo el a\u00f1o<\/strong>, adem\u00e1s de aportar estructura y elegancia a cualquier espacio exterior.<\/p>\n<p data-start=\"552\" data-end=\"584\"><strong data-start=\"552\" data-end=\"584\">Caracter\u00edsticas principales:<\/strong><\/p>\n<p data-start=\"586\" data-end=\"666\">\u2022 Crecimiento moderado, ideal para formar un <strong data-start=\"631\" data-end=\"652\">seto estructurado<\/strong> y duradero.<\/p>\n<p data-start=\"668\" data-end=\"733\">\u2022 Altura de 15 a 30 metros en crecimiento libre, seg\u00fan la poda.<\/p>\n<p data-start=\"735\" data-end=\"806\">\u2022 Follaje perenne y muy denso, perfecto para <strong data-start=\"780\" data-end=\"803\">setos de ocultaci\u00f3n<\/strong>.<\/p>\n<p data-start=\"808\" data-end=\"871\">\u2022 Alta resistencia a <strong data-start=\"829\" data-end=\"839\">sequ\u00eda<\/strong>, viento y altas temperaturas.<\/p>\n<p data-start=\"873\" data-end=\"944\">\u2022 Se adapta a suelos pobres o calizos, siempre que tengan buen drenaje.<\/p>\n<p data-start=\"946\" data-end=\"968\"><strong data-start=\"946\" data-end=\"968\">Usos recomendados:<\/strong><\/p>\n<p data-start=\"970\" data-end=\"1003\">\u2022 <strong data-start=\"972\" data-end=\"1001\">Setos y cierres vegetales<\/strong><\/p>\n<p data-start=\"1005\" data-end=\"1035\">\u2022 <strong data-start=\"1007\" data-end=\"1033\">Cortavientos naturales<\/strong><\/p>\n<p data-start=\"1037\" data-end=\"1064\">\u2022 <strong data-start=\"1039\" data-end=\"1062\">Pantallas ac\u00fasticas<\/strong><\/p>\n<p data-start=\"1066\" data-end=\"1134\">\u2022 Jardines privados, fincas y proyectos de paisajismo mediterr\u00e1neo<\/p>\n<p data-start=\"1136\" data-end=\"1359\">El <strong data-start=\"1139\" data-end=\"1165\">Cupressus sempervirens<\/strong> es una soluci\u00f3n duradera y eficaz para quienes buscan un <strong data-start=\"1223\" data-end=\"1242\">seto resistente<\/strong>, decorativo y de bajo consumo h\u00eddrico, tanto en jardines particulares como en proyectos profesionales de jardiner\u00eda.<\/p>\n<p data-start=\"1361\" data-end=\"1397\" data-is-last-node=\"\" data-is-only-node=\"\">\ud83c\udf32 Disponible en diferentes tama\u00f1os.<\/p>","protected":false},"excerpt":{"rendered":"<p>\ud83d\udfe2 Enmacetados<br \/>\n\ud83d\udfe2 Posibilidad de entrega en domicilio<\/p>\n<p>Para m\u00e1s informaci\u00f3n, escr\u00edbanos a WhatsApp (+34) 644368939<\/p>","protected":false},"featured_media":6792,"comment_status":"open","ping_status":"closed","template":"","meta":{"give_campaign_id":0,"inline_featured_image":false},"product_brand":[],"product_cat":[69],"product_tag":[],"class_list":{"0":"post-6791","1":"product","2":"type-product","3":"status-publish","4":"has-post-thumbnail","6":"product_cat-setos","7":"description-off","9":"first","10":"instock","11":"taxable","12":"shipping-taxable","13":"purchasable","14":"product-type-simple"},"_links":{"self":[{"href":"https:\/\/staging.raizverde.com\/en\/wp-json\/wp\/v2\/product\/6791","targetHints":{"allow":["GET"]}}],"collection":[{"href":"https:\/\/staging.raizverde.com\/en\/wp-json\/wp\/v2\/product"}],"about":[{"href":"https:\/\/staging.raizverde.com\/en\/wp-json\/wp\/v2\/types\/product"}],"replies":[{"embeddable":true,"href":"https:\/\/staging.raizverde.com\/en\/wp-json\/wp\/v2\/comments?post=6791"}],"wp:featuredmedia":[{"embeddable":true,"href":"https:\/\/staging.raizverde.com\/en\/wp-json\/wp\/v2\/media\/6792"}],"wp:attachment":[{"href":"https:\/\/staging.raizverde.com\/en\/wp-json\/wp\/v2\/media?parent=6791"}],"wp:term":[{"taxonomy":"product_brand","embeddable":true,"href":"https:\/\/staging.raizverde.com\/en\/wp-json\/wp\/v2\/product_brand?post=6791"},{"taxonomy":"product_cat","embeddable":true,"href":"https:\/\/staging.raizverde.com\/en\/wp-json\/wp\/v2\/product_cat?post=6791"},{"taxonomy":"product_tag","embeddable":true,"href":"https:\/\/staging.raizverde.com\/en\/wp-json\/wp\/v2\/product_tag?post=6791"}],"curies":[{"name":"wp","href":"https:\/\/api.w.org\/{rel}","templated":true}]}}