{"id":738,"date":"2016-02-02T07:28:19","date_gmt":"2016-02-02T07:28:19","guid":{"rendered":"http:\/\/raizverde.com\/?page_id=738"},"modified":"2026-02-11T18:59:54","modified_gmt":"2026-02-11T17:59:54","slug":"contacto","status":"publish","type":"page","link":"https:\/\/staging.raizverde.com\/en\/contacto\/","title":{"rendered":"Contact"},"content":{"rendered":"<div class=\"wpb-content-wrapper\"><div data-vc-full-width=\"true\" data-vc-full-width-temp=\"true\" data-vc-full-width-init=\"false\" class=\"vc_row wpb_row vc_row-fluid\"><div class=\"wpb_column vc_column_container vc_col-sm-12\"><div class=\"vc_column-inner\"><div class=\"wpb_wrapper\"><div class=\"vc_row wpb_row vc_inner vc_row-fluid text-center vc_custom_1594654521027 vc_row-o-content-top vc_row-flex\"><div class=\"wpb_column vc_column_container vc_col-sm-6 vc_col-lg-4 vc_col-md-6\"><div class=\"vc_column-inner vc_custom_1688085067807\"><div class=\"wpb_wrapper\"><style type=\"text\/css\" data-type=\"the7_shortcodes-inline-css\">.icon-with-text-shortcode.icon-text-id-7cb0a70ab24cfa46e14ff0a4c37eed3c .text-icon {\n  width: 60px;\n  height: 60px;\n  line-height: 60px;\n  font-size: 32px;\n  border-radius: 200px;\n  margin: 0px 0px 0px 0px;\n}\n.icon-with-text-shortcode.icon-text-id-7cb0a70ab24cfa46e14ff0a4c37eed3c .text-icon .icon-inner {\n  min-width: 60px;\n  min-height: 60px;\n  border-radius: 200px;\n}\n@media all and (-ms-high-contrast: none) {\n  .icon-with-text-shortcode.icon-text-id-7cb0a70ab24cfa46e14ff0a4c37eed3c .text-icon .icon-inner {\n    height: 60px;\n  }\n}\n.icon-with-text-shortcode.icon-text-id-7cb0a70ab24cfa46e14ff0a4c37eed3c .text-icon .dt-hover-icon {\n  line-height: 60px;\n}\n.icon-with-text-shortcode.icon-text-id-7cb0a70ab24cfa46e14ff0a4c37eed3c .text-icon:before,\n.icon-with-text-shortcode.icon-text-id-7cb0a70ab24cfa46e14ff0a4c37eed3c .text-icon:after,\n.icon-with-text-shortcode.icon-text-id-7cb0a70ab24cfa46e14ff0a4c37eed3c .text-icon .icon-inner:before,\n.icon-with-text-shortcode.icon-text-id-7cb0a70ab24cfa46e14ff0a4c37eed3c .text-icon .icon-inner:after {\n  min-width: 100%;\n  min-height: 100%;\n  padding: inherit;\n  border-radius: inherit;\n}\n#page .icon-with-text-shortcode.icon-text-id-7cb0a70ab24cfa46e14ff0a4c37eed3c .text-icon.dt-icon-bg-on .icon-inner:before,\n#phantom .icon-with-text-shortcode.icon-text-id-7cb0a70ab24cfa46e14ff0a4c37eed3c .text-icon.dt-icon-bg-on .icon-inner:before {\n  background: #30a36c;\n}\n.icon-with-text-shortcode.icon-text-id-7cb0a70ab24cfa46e14ff0a4c37eed3c .text-icon.dt-icon-border-on:before {\n  border-width: 2px;\n  border-style: solid;\n}\n.dt-icon-border-dashed.icon-with-text-shortcode.icon-text-id-7cb0a70ab24cfa46e14ff0a4c37eed3c .text-icon.dt-icon-border-on:before {\n  border-style: dashed;\n}\n.dt-icon-border-dotted.icon-with-text-shortcode.icon-text-id-7cb0a70ab24cfa46e14ff0a4c37eed3c .text-icon.dt-icon-border-on:before {\n  border-style: dotted;\n}\n.dt-icon-border-double.icon-with-text-shortcode.icon-text-id-7cb0a70ab24cfa46e14ff0a4c37eed3c .text-icon.dt-icon-border-on:before {\n  border-style: double;\n}\n.icon-with-text-shortcode.icon-text-id-7cb0a70ab24cfa46e14ff0a4c37eed3c .text-icon.dt-icon-border-dashed.dt-icon-border-on:before {\n  border-style: dashed;\n}\n.icon-with-text-shortcode.icon-text-id-7cb0a70ab24cfa46e14ff0a4c37eed3c .text-icon.dt-icon-border-dotted.dt-icon-border-on:before {\n  border-style: dotted;\n}\n.icon-with-text-shortcode.icon-text-id-7cb0a70ab24cfa46e14ff0a4c37eed3c .text-icon.dt-icon-border-double.dt-icon-border-on:before {\n  border-style: double;\n}\n.icon-with-text-shortcode.icon-text-id-7cb0a70ab24cfa46e14ff0a4c37eed3c .text-icon.dt-icon-hover-border-on:after {\n  border-width: 2px;\n  border-style: solid;\n}\n.icon-with-text-shortcode.icon-text-id-7cb0a70ab24cfa46e14ff0a4c37eed3c .text-icon.dt-icon-border-dashed.dt-icon-hover-border-on:after {\n  border-style: dashed;\n}\n.icon-with-text-shortcode.icon-text-id-7cb0a70ab24cfa46e14ff0a4c37eed3c .text-icon.dt-icon-border-dotted.dt-icon-hover-border-on:after {\n  border-style: dotted;\n}\n.icon-with-text-shortcode.icon-text-id-7cb0a70ab24cfa46e14ff0a4c37eed3c .text-icon.dt-icon-border-double.dt-icon-hover-border-on:after {\n  border-style: double;\n}\n.icon-with-text-shortcode.icon-text-id-7cb0a70ab24cfa46e14ff0a4c37eed3c .text-icon.dt-icon-hover-on:hover {\n  font-size: 32px;\n}\n#page .icon-with-text-shortcode.icon-text-id-7cb0a70ab24cfa46e14ff0a4c37eed3c .text-icon.dt-icon-hover-on:hover .soc-font-icon,\n#phantom .icon-with-text-shortcode.icon-text-id-7cb0a70ab24cfa46e14ff0a4c37eed3c .text-icon.dt-icon-hover-on:hover .soc-font-icon,\n#page .icon-with-text-shortcode.icon-text-id-7cb0a70ab24cfa46e14ff0a4c37eed3c .text-icon.dt-icon-hover-on:hover .soc-icon,\n#phantom .icon-with-text-shortcode.icon-text-id-7cb0a70ab24cfa46e14ff0a4c37eed3c .text-icon.dt-icon-hover-on:hover .soc-icon {\n  color: #ffffff;\n  background: none;\n}\n#page .icon-with-text-shortcode.icon-text-id-7cb0a70ab24cfa46e14ff0a4c37eed3c .text-icon.dt-icon-hover-bg-on .icon-inner:after,\n#phantom .icon-with-text-shortcode.icon-text-id-7cb0a70ab24cfa46e14ff0a4c37eed3c .text-icon.dt-icon-hover-bg-on .icon-inner:after {\n  background: #187a4f;\n}\n#page .icon-with-text-shortcode.icon-text-id-7cb0a70ab24cfa46e14ff0a4c37eed3c .text-icon.dt-icon-hover-on:not(:hover) .soc-font-icon,\n#phantom .icon-with-text-shortcode.icon-text-id-7cb0a70ab24cfa46e14ff0a4c37eed3c .text-icon.dt-icon-hover-on:not(:hover) .soc-font-icon,\n#page .icon-with-text-shortcode.icon-text-id-7cb0a70ab24cfa46e14ff0a4c37eed3c .text-icon.dt-icon-hover-on:not(:hover) .soc-icon,\n#phantom .icon-with-text-shortcode.icon-text-id-7cb0a70ab24cfa46e14ff0a4c37eed3c .text-icon.dt-icon-hover-on:not(:hover) .soc-icon,\n#page .icon-with-text-shortcode.icon-text-id-7cb0a70ab24cfa46e14ff0a4c37eed3c .text-icon.dt-icon-hover-off .soc-font-icon,\n#phantom .icon-with-text-shortcode.icon-text-id-7cb0a70ab24cfa46e14ff0a4c37eed3c .text-icon.dt-icon-hover-off .soc-font-icon,\n#page .icon-with-text-shortcode.icon-text-id-7cb0a70ab24cfa46e14ff0a4c37eed3c .text-icon.dt-icon-hover-off .soc-icon,\n#phantom .icon-with-text-shortcode.icon-text-id-7cb0a70ab24cfa46e14ff0a4c37eed3c .text-icon.dt-icon-hover-off .soc-icon {\n  color: #ffffff;\n  background: none;\n}\n.icon-with-text-shortcode.icon-text-id-7cb0a70ab24cfa46e14ff0a4c37eed3c.layout-1 {\n  grid-template-columns: 60px minmax(0,1fr);\n  grid-column-gap: 0px;\n}\n.icon-with-text-shortcode.icon-text-id-7cb0a70ab24cfa46e14ff0a4c37eed3c.layout-2 {\n  grid-template-columns: minmax(0,1fr) 60px;\n  grid-column-gap: 0px;\n}\n.icon-with-text-shortcode.icon-text-id-7cb0a70ab24cfa46e14ff0a4c37eed3c.layout-2 .text-icon {\n  margin-left: 0;\n}\n.icon-with-text-shortcode.icon-text-id-7cb0a70ab24cfa46e14ff0a4c37eed3c.layout-3 {\n  grid-template-columns: 60px minmax(0,1fr);\n}\n.icon-with-text-shortcode.icon-text-id-7cb0a70ab24cfa46e14ff0a4c37eed3c.layout-3 .dt-text-title {\n  margin-left: 0px;\n}\n.icon-with-text-shortcode.icon-text-id-7cb0a70ab24cfa46e14ff0a4c37eed3c .dt-text-title,\n.icon-with-text-shortcode.icon-text-id-7cb0a70ab24cfa46e14ff0a4c37eed3c .dt-text-title a {\n  line-height: 50px;\n  font-weight: bold;\n}\n.icon-with-text-shortcode.icon-text-id-7cb0a70ab24cfa46e14ff0a4c37eed3c .dt-text-title {\n  margin-bottom: 0px;\n}\n.icon-with-text-shortcode.icon-text-id-7cb0a70ab24cfa46e14ff0a4c37eed3c .dt-text-desc {\n  margin-bottom: 0px;\n}<\/style><div class=\"icon-with-text-shortcode  icon-text-id-7cb0a70ab24cfa46e14ff0a4c37eed3c layout-5\" ><span   class=\"text-icon dt-icon-bg-on dt-icon-hover-on dt-icon-hover-bg-on\" ><span class=\"icon-inner\"><i class=\"dt-regular-icon soc-icon icomoon-the7-font-the7-phone-06\"><\/i><i class=\"dt-hover-icon soc-icon icomoon-the7-font-the7-phone-06\"><\/i><\/span><\/span><h4 class=\"dt-text-title anchor-link\"><a class=\"anchor-link\"  href=\"tel:644368939\" title=\"Llamar ahora\">Ll\u00e1manos<\/a><\/h4><a href=\"tel:644368939\" class=\"anchor-link  default-btn-shortcode dt-btn dt-btn-s link-hover-off\"><span>Llamar ahora<\/span><\/a><\/div><\/div><\/div><\/div><div class=\"wpb_column vc_column_container vc_col-sm-6 vc_col-lg-4 vc_col-md-6\"><div class=\"vc_column-inner vc_custom_1688085053223\"><div class=\"wpb_wrapper\"><style type=\"text\/css\" data-type=\"the7_shortcodes-inline-css\">.icon-with-text-shortcode.icon-text-id-2ca07cbc38e3840798e107894d82b13f .text-icon {\n  width: 60px;\n  height: 60px;\n  line-height: 60px;\n  font-size: 32px;\n  border-radius: 200px;\n  margin: 0px 0px 0px 0px;\n}\n.icon-with-text-shortcode.icon-text-id-2ca07cbc38e3840798e107894d82b13f .text-icon .icon-inner {\n  min-width: 60px;\n  min-height: 60px;\n  border-radius: 200px;\n}\n@media all and (-ms-high-contrast: none) {\n  .icon-with-text-shortcode.icon-text-id-2ca07cbc38e3840798e107894d82b13f .text-icon .icon-inner {\n    height: 60px;\n  }\n}\n.icon-with-text-shortcode.icon-text-id-2ca07cbc38e3840798e107894d82b13f .text-icon .dt-hover-icon {\n  line-height: 60px;\n}\n.icon-with-text-shortcode.icon-text-id-2ca07cbc38e3840798e107894d82b13f .text-icon:before,\n.icon-with-text-shortcode.icon-text-id-2ca07cbc38e3840798e107894d82b13f .text-icon:after,\n.icon-with-text-shortcode.icon-text-id-2ca07cbc38e3840798e107894d82b13f .text-icon .icon-inner:before,\n.icon-with-text-shortcode.icon-text-id-2ca07cbc38e3840798e107894d82b13f .text-icon .icon-inner:after {\n  min-width: 100%;\n  min-height: 100%;\n  padding: inherit;\n  border-radius: inherit;\n}\n#page .icon-with-text-shortcode.icon-text-id-2ca07cbc38e3840798e107894d82b13f .text-icon.dt-icon-bg-on .icon-inner:before,\n#phantom .icon-with-text-shortcode.icon-text-id-2ca07cbc38e3840798e107894d82b13f .text-icon.dt-icon-bg-on .icon-inner:before {\n  background: #30a36c;\n}\n.icon-with-text-shortcode.icon-text-id-2ca07cbc38e3840798e107894d82b13f .text-icon.dt-icon-border-on:before {\n  border-width: 2px;\n  border-style: solid;\n}\n.dt-icon-border-dashed.icon-with-text-shortcode.icon-text-id-2ca07cbc38e3840798e107894d82b13f .text-icon.dt-icon-border-on:before {\n  border-style: dashed;\n}\n.dt-icon-border-dotted.icon-with-text-shortcode.icon-text-id-2ca07cbc38e3840798e107894d82b13f .text-icon.dt-icon-border-on:before {\n  border-style: dotted;\n}\n.dt-icon-border-double.icon-with-text-shortcode.icon-text-id-2ca07cbc38e3840798e107894d82b13f .text-icon.dt-icon-border-on:before {\n  border-style: double;\n}\n.icon-with-text-shortcode.icon-text-id-2ca07cbc38e3840798e107894d82b13f .text-icon.dt-icon-border-dashed.dt-icon-border-on:before {\n  border-style: dashed;\n}\n.icon-with-text-shortcode.icon-text-id-2ca07cbc38e3840798e107894d82b13f .text-icon.dt-icon-border-dotted.dt-icon-border-on:before {\n  border-style: dotted;\n}\n.icon-with-text-shortcode.icon-text-id-2ca07cbc38e3840798e107894d82b13f .text-icon.dt-icon-border-double.dt-icon-border-on:before {\n  border-style: double;\n}\n.icon-with-text-shortcode.icon-text-id-2ca07cbc38e3840798e107894d82b13f .text-icon.dt-icon-hover-border-on:after {\n  border-width: 2px;\n  border-style: solid;\n}\n.icon-with-text-shortcode.icon-text-id-2ca07cbc38e3840798e107894d82b13f .text-icon.dt-icon-border-dashed.dt-icon-hover-border-on:after {\n  border-style: dashed;\n}\n.icon-with-text-shortcode.icon-text-id-2ca07cbc38e3840798e107894d82b13f .text-icon.dt-icon-border-dotted.dt-icon-hover-border-on:after {\n  border-style: dotted;\n}\n.icon-with-text-shortcode.icon-text-id-2ca07cbc38e3840798e107894d82b13f .text-icon.dt-icon-border-double.dt-icon-hover-border-on:after {\n  border-style: double;\n}\n.icon-with-text-shortcode.icon-text-id-2ca07cbc38e3840798e107894d82b13f .text-icon.dt-icon-hover-on:hover {\n  font-size: 32px;\n}\n#page .icon-with-text-shortcode.icon-text-id-2ca07cbc38e3840798e107894d82b13f .text-icon.dt-icon-hover-on:hover .soc-font-icon,\n#phantom .icon-with-text-shortcode.icon-text-id-2ca07cbc38e3840798e107894d82b13f .text-icon.dt-icon-hover-on:hover .soc-font-icon,\n#page .icon-with-text-shortcode.icon-text-id-2ca07cbc38e3840798e107894d82b13f .text-icon.dt-icon-hover-on:hover .soc-icon,\n#phantom .icon-with-text-shortcode.icon-text-id-2ca07cbc38e3840798e107894d82b13f .text-icon.dt-icon-hover-on:hover .soc-icon {\n  color: #ffffff;\n  background: none;\n}\n#page .icon-with-text-shortcode.icon-text-id-2ca07cbc38e3840798e107894d82b13f .text-icon.dt-icon-hover-bg-on .icon-inner:after,\n#phantom .icon-with-text-shortcode.icon-text-id-2ca07cbc38e3840798e107894d82b13f .text-icon.dt-icon-hover-bg-on .icon-inner:after {\n  background: #187a4f;\n}\n#page .icon-with-text-shortcode.icon-text-id-2ca07cbc38e3840798e107894d82b13f .text-icon.dt-icon-hover-on:not(:hover) .soc-font-icon,\n#phantom .icon-with-text-shortcode.icon-text-id-2ca07cbc38e3840798e107894d82b13f .text-icon.dt-icon-hover-on:not(:hover) .soc-font-icon,\n#page .icon-with-text-shortcode.icon-text-id-2ca07cbc38e3840798e107894d82b13f .text-icon.dt-icon-hover-on:not(:hover) .soc-icon,\n#phantom .icon-with-text-shortcode.icon-text-id-2ca07cbc38e3840798e107894d82b13f .text-icon.dt-icon-hover-on:not(:hover) .soc-icon,\n#page .icon-with-text-shortcode.icon-text-id-2ca07cbc38e3840798e107894d82b13f .text-icon.dt-icon-hover-off .soc-font-icon,\n#phantom .icon-with-text-shortcode.icon-text-id-2ca07cbc38e3840798e107894d82b13f .text-icon.dt-icon-hover-off .soc-font-icon,\n#page .icon-with-text-shortcode.icon-text-id-2ca07cbc38e3840798e107894d82b13f .text-icon.dt-icon-hover-off .soc-icon,\n#phantom .icon-with-text-shortcode.icon-text-id-2ca07cbc38e3840798e107894d82b13f .text-icon.dt-icon-hover-off .soc-icon {\n  color: #ffffff;\n  background: none;\n}\n.icon-with-text-shortcode.icon-text-id-2ca07cbc38e3840798e107894d82b13f.layout-1 {\n  grid-template-columns: 60px minmax(0,1fr);\n  grid-column-gap: 0px;\n}\n.icon-with-text-shortcode.icon-text-id-2ca07cbc38e3840798e107894d82b13f.layout-2 {\n  grid-template-columns: minmax(0,1fr) 60px;\n  grid-column-gap: 0px;\n}\n.icon-with-text-shortcode.icon-text-id-2ca07cbc38e3840798e107894d82b13f.layout-2 .text-icon {\n  margin-left: 0;\n}\n.icon-with-text-shortcode.icon-text-id-2ca07cbc38e3840798e107894d82b13f.layout-3 {\n  grid-template-columns: 60px minmax(0,1fr);\n}\n.icon-with-text-shortcode.icon-text-id-2ca07cbc38e3840798e107894d82b13f.layout-3 .dt-text-title {\n  margin-left: 0px;\n}\n.icon-with-text-shortcode.icon-text-id-2ca07cbc38e3840798e107894d82b13f .dt-text-title,\n.icon-with-text-shortcode.icon-text-id-2ca07cbc38e3840798e107894d82b13f .dt-text-title a {\n  line-height: 50px;\n  font-weight: bold;\n}\n.icon-with-text-shortcode.icon-text-id-2ca07cbc38e3840798e107894d82b13f .dt-text-title {\n  margin-bottom: 0px;\n}\n.icon-with-text-shortcode.icon-text-id-2ca07cbc38e3840798e107894d82b13f .dt-text-desc {\n  margin-bottom: 0px;\n}<\/style><div class=\"icon-with-text-shortcode  icon-text-id-2ca07cbc38e3840798e107894d82b13f layout-5\" ><span   class=\"text-icon dt-icon-bg-on dt-icon-hover-on dt-icon-hover-bg-on\" ><span class=\"icon-inner\"><i class=\"dt-regular-icon soc-icon icomoon-the7-font-whatsapp\"><\/i><i class=\"dt-hover-icon soc-icon icomoon-the7-font-whatsapp\"><\/i><\/span><\/span><h4 class=\"dt-text-title\"  >WhatsApp<\/h4><a href=\"https:\/\/wa.me\/+34644368939\" class=\"anchor-link  default-btn-shortcode dt-btn dt-btn-s link-hover-off\" target=\"_blank\" rel=\"noopener\"><span>Enviar mensaje<\/span><\/a><\/div><\/div><\/div><\/div><div class=\"wpb_column vc_column_container vc_col-sm-6 vc_col-lg-4 vc_col-md-6\"><div class=\"vc_column-inner vc_custom_1688085061367\"><div class=\"wpb_wrapper\"><style type=\"text\/css\" data-type=\"the7_shortcodes-inline-css\">.icon-with-text-shortcode.icon-text-id-99a570adf5ba2e3afe5479b55aed7d63 .text-icon {\n  width: 60px;\n  height: 60px;\n  line-height: 60px;\n  font-size: 32px;\n  border-radius: 200px;\n  margin: 0px 0px 0px 0px;\n}\n.icon-with-text-shortcode.icon-text-id-99a570adf5ba2e3afe5479b55aed7d63 .text-icon .icon-inner {\n  min-width: 60px;\n  min-height: 60px;\n  border-radius: 200px;\n}\n@media all and (-ms-high-contrast: none) {\n  .icon-with-text-shortcode.icon-text-id-99a570adf5ba2e3afe5479b55aed7d63 .text-icon .icon-inner {\n    height: 60px;\n  }\n}\n.icon-with-text-shortcode.icon-text-id-99a570adf5ba2e3afe5479b55aed7d63 .text-icon .dt-hover-icon {\n  line-height: 60px;\n}\n.icon-with-text-shortcode.icon-text-id-99a570adf5ba2e3afe5479b55aed7d63 .text-icon:before,\n.icon-with-text-shortcode.icon-text-id-99a570adf5ba2e3afe5479b55aed7d63 .text-icon:after,\n.icon-with-text-shortcode.icon-text-id-99a570adf5ba2e3afe5479b55aed7d63 .text-icon .icon-inner:before,\n.icon-with-text-shortcode.icon-text-id-99a570adf5ba2e3afe5479b55aed7d63 .text-icon .icon-inner:after {\n  min-width: 100%;\n  min-height: 100%;\n  padding: inherit;\n  border-radius: inherit;\n}\n.icon-with-text-shortcode.icon-text-id-99a570adf5ba2e3afe5479b55aed7d63 .text-icon.dt-icon-border-on:before {\n  border-width: 2px;\n  border-style: solid;\n}\n.dt-icon-border-dashed.icon-with-text-shortcode.icon-text-id-99a570adf5ba2e3afe5479b55aed7d63 .text-icon.dt-icon-border-on:before {\n  border-style: dashed;\n}\n.dt-icon-border-dotted.icon-with-text-shortcode.icon-text-id-99a570adf5ba2e3afe5479b55aed7d63 .text-icon.dt-icon-border-on:before {\n  border-style: dotted;\n}\n.dt-icon-border-double.icon-with-text-shortcode.icon-text-id-99a570adf5ba2e3afe5479b55aed7d63 .text-icon.dt-icon-border-on:before {\n  border-style: double;\n}\n.icon-with-text-shortcode.icon-text-id-99a570adf5ba2e3afe5479b55aed7d63 .text-icon.dt-icon-border-dashed.dt-icon-border-on:before {\n  border-style: dashed;\n}\n.icon-with-text-shortcode.icon-text-id-99a570adf5ba2e3afe5479b55aed7d63 .text-icon.dt-icon-border-dotted.dt-icon-border-on:before {\n  border-style: dotted;\n}\n.icon-with-text-shortcode.icon-text-id-99a570adf5ba2e3afe5479b55aed7d63 .text-icon.dt-icon-border-double.dt-icon-border-on:before {\n  border-style: double;\n}\n.icon-with-text-shortcode.icon-text-id-99a570adf5ba2e3afe5479b55aed7d63 .text-icon.dt-icon-hover-border-on:after {\n  border-width: 2px;\n  border-style: solid;\n}\n.icon-with-text-shortcode.icon-text-id-99a570adf5ba2e3afe5479b55aed7d63 .text-icon.dt-icon-border-dashed.dt-icon-hover-border-on:after {\n  border-style: dashed;\n}\n.icon-with-text-shortcode.icon-text-id-99a570adf5ba2e3afe5479b55aed7d63 .text-icon.dt-icon-border-dotted.dt-icon-hover-border-on:after {\n  border-style: dotted;\n}\n.icon-with-text-shortcode.icon-text-id-99a570adf5ba2e3afe5479b55aed7d63 .text-icon.dt-icon-border-double.dt-icon-hover-border-on:after {\n  border-style: double;\n}\n.icon-with-text-shortcode.icon-text-id-99a570adf5ba2e3afe5479b55aed7d63 .text-icon.dt-icon-hover-on:hover {\n  font-size: 32px;\n}\n#page .icon-with-text-shortcode.icon-text-id-99a570adf5ba2e3afe5479b55aed7d63 .text-icon.dt-icon-hover-on:hover .soc-font-icon,\n#phantom .icon-with-text-shortcode.icon-text-id-99a570adf5ba2e3afe5479b55aed7d63 .text-icon.dt-icon-hover-on:hover .soc-font-icon,\n#page .icon-with-text-shortcode.icon-text-id-99a570adf5ba2e3afe5479b55aed7d63 .text-icon.dt-icon-hover-on:hover .soc-icon,\n#phantom .icon-with-text-shortcode.icon-text-id-99a570adf5ba2e3afe5479b55aed7d63 .text-icon.dt-icon-hover-on:hover .soc-icon {\n  color: #fff;\n  background: none;\n}\n#page .icon-with-text-shortcode.icon-text-id-99a570adf5ba2e3afe5479b55aed7d63 .text-icon.dt-icon-hover-on:not(:hover) .soc-font-icon,\n#phantom .icon-with-text-shortcode.icon-text-id-99a570adf5ba2e3afe5479b55aed7d63 .text-icon.dt-icon-hover-on:not(:hover) .soc-font-icon,\n#page .icon-with-text-shortcode.icon-text-id-99a570adf5ba2e3afe5479b55aed7d63 .text-icon.dt-icon-hover-on:not(:hover) .soc-icon,\n#phantom .icon-with-text-shortcode.icon-text-id-99a570adf5ba2e3afe5479b55aed7d63 .text-icon.dt-icon-hover-on:not(:hover) .soc-icon,\n#page .icon-with-text-shortcode.icon-text-id-99a570adf5ba2e3afe5479b55aed7d63 .text-icon.dt-icon-hover-off .soc-font-icon,\n#phantom .icon-with-text-shortcode.icon-text-id-99a570adf5ba2e3afe5479b55aed7d63 .text-icon.dt-icon-hover-off .soc-font-icon,\n#page .icon-with-text-shortcode.icon-text-id-99a570adf5ba2e3afe5479b55aed7d63 .text-icon.dt-icon-hover-off .soc-icon,\n#phantom .icon-with-text-shortcode.icon-text-id-99a570adf5ba2e3afe5479b55aed7d63 .text-icon.dt-icon-hover-off .soc-icon {\n  color: #ffffff;\n  background: none;\n}\n.icon-with-text-shortcode.icon-text-id-99a570adf5ba2e3afe5479b55aed7d63.layout-1 {\n  grid-template-columns: 60px minmax(0,1fr);\n  grid-column-gap: 0px;\n}\n.icon-with-text-shortcode.icon-text-id-99a570adf5ba2e3afe5479b55aed7d63.layout-2 {\n  grid-template-columns: minmax(0,1fr) 60px;\n  grid-column-gap: 0px;\n}\n.icon-with-text-shortcode.icon-text-id-99a570adf5ba2e3afe5479b55aed7d63.layout-2 .text-icon {\n  margin-left: 0;\n}\n.icon-with-text-shortcode.icon-text-id-99a570adf5ba2e3afe5479b55aed7d63.layout-3 {\n  grid-template-columns: 60px minmax(0,1fr);\n}\n.icon-with-text-shortcode.icon-text-id-99a570adf5ba2e3afe5479b55aed7d63.layout-3 .dt-text-title {\n  margin-left: 0px;\n}\n.icon-with-text-shortcode.icon-text-id-99a570adf5ba2e3afe5479b55aed7d63 .dt-text-title,\n.icon-with-text-shortcode.icon-text-id-99a570adf5ba2e3afe5479b55aed7d63 .dt-text-title a {\n  line-height: 50px;\n  font-weight: bold;\n}\n.icon-with-text-shortcode.icon-text-id-99a570adf5ba2e3afe5479b55aed7d63 .dt-text-title {\n  margin-bottom: 0px;\n}\n.icon-with-text-shortcode.icon-text-id-99a570adf5ba2e3afe5479b55aed7d63 .dt-text-desc {\n  margin-bottom: 0px;\n}<\/style><div class=\"icon-with-text-shortcode  icon-text-id-99a570adf5ba2e3afe5479b55aed7d63 layout-5\" ><span   class=\"text-icon dt-icon-bg-on dt-icon-hover-off\" ><span class=\"icon-inner\"><i class=\"dt-regular-icon soc-icon icomoon-the7-font-the7-phone-06\"><\/i><i class=\"dt-hover-icon soc-icon icomoon-the7-font-the7-phone-06\"><\/i><\/span><\/span><h4 class=\"dt-text-title\"  >Localizados en<\/h4><div class=\"dt-text-desc\">Elche, Alicante<\/div><\/div><\/div><\/div><\/div><\/div><div class=\"vc_row wpb_row vc_inner vc_row-fluid vc_custom_1716195282137 vc_row-has-fill vc_row-o-content-middle vc_row-flex\"><div class=\"wpb_column vc_column_container vc_col-sm-12\"><div class=\"vc_column-inner\"><div class=\"wpb_wrapper\"><div class=\"vc_empty_space\"   style=\"height: 20px\"><span class=\"vc_empty_space_inner\"><\/span><\/div>\n\t<div class=\"wpb_text_column wpb_content_element  vc_custom_1769161205294\" >\n\t\t<div class=\"wpb_wrapper\">\n\t\t\t<h3 class=\"white\" style=\"text-align: center;\">\u00bfNecesitas una soluci\u00f3n r\u00e1pida y profesional?<\/h3>\n\n\t\t<\/div>\n\t<\/div>\n<\/div><\/div><\/div><\/div>\n\t<div class=\"wpb_text_column wpb_content_element  vc_custom_1769161180045\" >\n\t\t<div class=\"wpb_wrapper\">\n\t\t\t<p data-start=\"1172\" data-end=\"1407\">En Ra\u00edz Verde atendemos <strong>consultas y urgencias los 7 d\u00edas de la semana.<\/strong> Te ofrecemos una respuesta \u00e1gil y profesional para trabajos de <strong data-start=\"1310\" data-end=\"1389\">poda en altura, tala de \u00e1rboles, tratamientos y venta de \u00e1rboles y palmeras<\/strong> en toda Espa\u00f1a.<\/p>\n<p data-start=\"1414\" data-end=\"1481\"><em>Ll\u00e1manos o escr\u00edbenos y te damos presupuesto sin compromiso.<\/em><\/p>\n\n\t\t<\/div>\n\t<\/div>\n<\/div><\/div><\/div><\/div><div class=\"vc_row-full-width vc_clearfix\"><\/div>\n<\/div>","protected":false},"excerpt":{"rendered":"<p>Ll\u00e1manosLlamar ahoraWhatsAppEnviar mensajeLocalizados enElche, Alicante \u00bfNecesitas una soluci\u00f3n r\u00e1pida y profesional? En Ra\u00edz Verde atendemos consultas y urgencias los 7 d\u00edas de la semana. Te ofrecemos una respuesta \u00e1gil y profesional para trabajos de poda en altura, tala de \u00e1rboles, tratamientos y venta de \u00e1rboles y palmeras en toda Espa\u00f1a. Ll\u00e1manos o escr\u00edbenos y te&hellip;<\/p>","protected":false},"author":1,"featured_media":0,"parent":0,"menu_order":0,"comment_status":"closed","ping_status":"closed","template":"","meta":{"give_campaign_id":0,"inline_featured_image":false,"footnotes":""},"class_list":["post-738","page","type-page","status-publish","hentry","description-off"],"campaignId":"","_links":{"self":[{"href":"https:\/\/staging.raizverde.com\/en\/wp-json\/wp\/v2\/pages\/738","targetHints":{"allow":["GET"]}}],"collection":[{"href":"https:\/\/staging.raizverde.com\/en\/wp-json\/wp\/v2\/pages"}],"about":[{"href":"https:\/\/staging.raizverde.com\/en\/wp-json\/wp\/v2\/types\/page"}],"author":[{"embeddable":true,"href":"https:\/\/staging.raizverde.com\/en\/wp-json\/wp\/v2\/users\/1"}],"replies":[{"embeddable":true,"href":"https:\/\/staging.raizverde.com\/en\/wp-json\/wp\/v2\/comments?post=738"}],"version-history":[{"count":4,"href":"https:\/\/staging.raizverde.com\/en\/wp-json\/wp\/v2\/pages\/738\/revisions"}],"predecessor-version":[{"id":6763,"href":"https:\/\/staging.raizverde.com\/en\/wp-json\/wp\/v2\/pages\/738\/revisions\/6763"}],"wp:attachment":[{"href":"https:\/\/staging.raizverde.com\/en\/wp-json\/wp\/v2\/media?parent=738"}],"curies":[{"name":"wp","href":"https:\/\/api.w.org\/{rel}","templated":true}]}}