{"id":1368,"date":"2018-08-27T16:48:52","date_gmt":"2018-08-27T16:48:52","guid":{"rendered":"http:\/\/raizverde.com\/?page_id=1368"},"modified":"2024-01-18T18:55:01","modified_gmt":"2024-01-18T17:55:01","slug":"recogida-de-podas","status":"publish","type":"page","link":"https:\/\/staging.raizverde.com\/en\/servicios\/recogida-de-podas\/","title":{"rendered":"Pruning collection"},"content":{"rendered":"<div class=\"wpb-content-wrapper\"><div class=\"vc_row wpb_row vc_row-fluid vc_custom_1588356209427\"><div class=\"wpb_column vc_column_container vc_col-sm-12\"><div class=\"vc_column-inner\"><div class=\"wpb_wrapper\">\n\t<div class=\"wpb_text_column wpb_content_element  center heading color-dark text-center\" >\n\t\t<div class=\"wpb_wrapper\">\n\t\t\t<h2 class=\"heading-color fs-38\">Pruning collection<\/h2>\n<p>Recogida de Podas en Alicante, Murcia, Valencia y Castell\u00f3n.<\/p>\n\n\t\t<\/div>\n\t<\/div>\n<\/div><\/div><\/div><\/div><div class=\"vc_row wpb_row vc_row-fluid vc_custom_1698423269994\"><div class=\"wpb_column vc_column_container vc_col-sm-12\"><div class=\"vc_column-inner\"><div class=\"wpb_wrapper\"><div class=\"vc_separator wpb_content_element vc_separator_align_center vc_sep_width_100 vc_sep_pos_align_center vc_sep_color_green wpb_content_element vc_separator-has-text\" ><span class=\"vc_sep_holder vc_sep_holder_l\"><span class=\"vc_sep_line\"><\/span><\/span><h4>Pruning collection<\/h4><span class=\"vc_sep_holder vc_sep_holder_r\"><span class=\"vc_sep_line\"><\/span><\/span>\n<\/div><\/div><\/div><\/div><\/div><div class=\"vc_row wpb_row vc_row-fluid vc_custom_1588356209427\"><div class=\"wpb_column vc_column_container vc_col-sm-12\"><div class=\"vc_column-inner\"><div class=\"wpb_wrapper\">\n\t<div class=\"wpb_text_column wpb_content_element  vc_custom_1639833800396\" >\n\t\t<div class=\"wpb_wrapper\">\n\t\t\t<p>En Ra\u00edz Verde ofrecemos un servicio de recogida de desechos de podas o talas. Una vez realizada la <a href=\"https:\/\/www.raizverde.com\/servicios\/poda-de-palmeras\/\" target=\"_blank\" rel=\"noopener\">poda de palmeras<\/a> o <a href=\"https:\/\/www.raizverde.com\/servicios\/tala-de-arboles\/\" target=\"_blank\" rel=\"noopener\">tala de \u00e1rboles<\/a> nos encargamos de retirar los restos de hojas y ramas, de manera r\u00e1pida y eficaz. Posteriormente, realizamos el traslado de los residuos a vertederos autorizados. Contamos con una amplia flota de camiones, furgonetas y todas las herramientas necesarias para llevar a cabo este servicio de forma eficiente.<\/p>\n\n\t\t<\/div>\n\t<\/div>\n<\/div><\/div><\/div><\/div><div class=\"vc_row wpb_row vc_row-fluid h3-center-400 vc_custom_1698423276740\"><div class=\"wpb_column vc_column_container vc_col-sm-12\"><div class=\"vc_column-inner vc_custom_1587553355902\"><div class=\"wpb_wrapper\">\n\t<div class=\"wpb_text_column wpb_content_element  rv-c_primary text-center line-after\" >\n\t\t<div class=\"wpb_wrapper\">\n\t\t\t<h3>Veh\u00edculos de recogida y transporte de podas<\/h3>\n\n\t\t<\/div>\n\t<\/div>\n<div class=\"vc_row wpb_row vc_inner vc_row-fluid vc_custom_1588349802928 vc_row-o-equal-height vc_row-o-content-middle vc_row-flex\"><div class=\"wpb_column vc_column_container vc_col-sm-8\"><div class=\"vc_column-inner\"><div class=\"wpb_wrapper\"><div class=\"uavc-list-icon uavc-list-icon-wrapper ult-adjust-bottom-margin\"><ul class=\"uavc-list\"><li><div class=\"uavc-list-content\" id=\"list-icon-wrap-5200\">\n<div class=\"uavc-list-icon\" data-animation=\"\" data-animation-delay=\"03\" style=\"margin-right:15px;\"><div class=\"ult-just-icon-wrapper\"><div class=\"align-icon\" style=\"text-align:center;\">\n<div class=\"aio-icon square\"  style=\"color:#ffffff;background:#75b325;font-size:30px;display:inline-block;\">\n\t<i class=\"icomoon-the7-font-the7-arrow-07\"><\/i>\n<\/div><\/div><\/div>\n<\/div><span  data-ultimate-target='#list-icon-wrap-5200 .uavc-list-desc'  data-responsive-json-new='{\"font-size\":\"\",\"line-height\":\"\"}'  class=\"uavc-list-desc ult-responsive\" style=\"\">Contamos con camiones de 3500 kg de capacidad con volquete. Tras la labor de podas y talas, los camiones acceden a la zona para realizar la recogida y el traslado de todos los restos.<\/span><\/div><\/li><\/ul><\/div><div class=\"uavc-list-icon uavc-list-icon-wrapper ult-adjust-bottom-margin\"><ul class=\"uavc-list\"><li><div class=\"uavc-list-content\" id=\"list-icon-wrap-3002\">\n<div class=\"uavc-list-icon\" data-animation=\"\" data-animation-delay=\"03\" style=\"margin-right:15px;\"><div class=\"ult-just-icon-wrapper\"><div class=\"align-icon\" style=\"text-align:center;\">\n<div class=\"aio-icon square\"  style=\"color:#ffffff;background:#75b325;font-size:30px;display:inline-block;\">\n\t<i class=\"icomoon-the7-font-the7-arrow-07\"><\/i>\n<\/div><\/div><\/div>\n<\/div><span  data-ultimate-target='#list-icon-wrap-3002 .uavc-list-desc'  data-responsive-json-new='{\"font-size\":\"\",\"line-height\":\"\"}'  class=\"uavc-list-desc ult-responsive\" style=\"\">Tambi\u00e9n trabajamos con un cami\u00f3n con pulpo, para que la tarea sea mucho m\u00e1s sencilla y r\u00e1pida. Su gran capacidad de carga nos permite transportar una gran cantidad de restos en un mismo viaje, por lo que se agiliza la recogida de las podas o talas.<\/span><\/div><\/li><\/ul><\/div><div class=\"uavc-list-icon uavc-list-icon-wrapper ult-adjust-bottom-margin\"><ul class=\"uavc-list\"><li><div class=\"uavc-list-content\" id=\"list-icon-wrap-5728\">\n<div class=\"uavc-list-icon\" data-animation=\"\" data-animation-delay=\"03\" style=\"margin-right:15px;\"><div class=\"ult-just-icon-wrapper\"><div class=\"align-icon\" style=\"text-align:center;\">\n<div class=\"aio-icon square\"  style=\"color:#ffffff;background:#75b325;font-size:30px;display:inline-block;\">\n\t<i class=\"icomoon-the7-font-the7-arrow-07\"><\/i>\n<\/div><\/div><\/div>\n<\/div><span  data-ultimate-target='#list-icon-wrap-5728 .uavc-list-desc'  data-responsive-json-new='{\"font-size\":\"\",\"line-height\":\"\"}'  class=\"uavc-list-desc ult-responsive\" style=\"\">Adem\u00e1s, contamos con trituradoras que son especialmente \u00fatiles en ciertos trabajos, como la poda y tala en fincas que tengan bancales. Estas m\u00e1quinas nos permiten triturar los restos y esparcirlos por los bancales, a modo de abono para mejorar la calidad de la tierra.<\/span><\/div><\/li><\/ul><\/div><\/div><\/div><\/div><div class=\"wpb_column vc_column_container vc_col-sm-4\"><div class=\"vc_column-inner\"><div class=\"wpb_wrapper\">\n\t<div  class=\"wpb_single_image wpb_content_element vc_align_center\">\n\t\t\n\t\t<figure class=\"wpb_wrapper vc_figure\">\n\t\t\t<div class=\"vc_single_image-wrapper vc_box_shadow_3d  vc_box_border_grey\"><img loading=\"lazy\" decoding=\"async\" width=\"370\" height=\"500\" src=\"https:\/\/staging.raizverde.com\/wp-content\/uploads\/2020\/05\/recogida-de-podas-alicante.jpg\" class=\"vc_single_image-img attachment-large\" alt=\"Pruning collection\" title=\"Pruning collection\" srcset=\"https:\/\/staging.raizverde.com\/wp-content\/uploads\/2020\/05\/recogida-de-podas-alicante.jpg 370w, https:\/\/staging.raizverde.com\/wp-content\/uploads\/2020\/05\/recogida-de-podas-alicante-222x300.jpg 222w\" sizes=\"auto, (max-width: 370px) 100vw, 370px\"  data-dt-location=\"https:\/\/staging.raizverde.com\/en\/recogida-de-podas-alicante\/\" \/><\/div>\n\t\t<\/figure>\n\t<\/div>\n<\/div><\/div><\/div><\/div><\/div><\/div><\/div><\/div><div data-vc-full-width=\"true\" data-vc-full-width-temp=\"true\" data-vc-full-width-init=\"false\" data-vc-parallax=\"1.5\" class=\"vc_row wpb_row vc_row-fluid contact-wrapper vc_custom_1687977805289 vc_row-has-fill vc_general vc_parallax vc_parallax-content-moving\"><div class=\"white text-center wpb_column vc_column_container vc_col-sm-12\"><div class=\"vc_column-inner vc_custom_1594665541929\"><div class=\"wpb_wrapper\">\n\t<div class=\"wpb_text_column wpb_content_element  white\" >\n\t\t<div class=\"wpb_wrapper\">\n\t\t\t<p><span class=\"contact-label\">Para cualquier duda o consulta relacionada con la recogida de podas, no dude en comunicarse con nosotros, ya sea v\u00eda telef\u00f3nica o por correo electr\u00f3nico:<\/span><\/p>\n\n\t\t<\/div>\n\t<\/div>\n<div class=\"vc_row wpb_row vc_inner vc_row-fluid\"><div class=\"wpb_column vc_column_container vc_col-sm-1\/5\"><div class=\"vc_column-inner\"><div class=\"wpb_wrapper\"><\/div><\/div><\/div><div class=\"wpb_column vc_column_container vc_col-sm-1\/5\"><div class=\"vc_column-inner\"><div class=\"wpb_wrapper\">\n\t<div class=\"wpb_text_column wpb_content_element  wpb_animate_when_almost_visible wpb_fadeInLeft fadeInLeft vc_custom_1687978170496 text-center text-md-right\" >\n\t\t<div class=\"wpb_wrapper\">\n\t\t\t<p><a class=\"button\" href=\"https:\/\/www.raizverde.com\/contacto\/\" target=\"_self\" rel=\"noopener\">Enviar correo<\/a><\/p>\n\n\t\t<\/div>\n\t<\/div>\n<\/div><\/div><\/div><div class=\"wpb_column vc_column_container vc_col-sm-1\/5\"><div class=\"vc_column-inner\"><div class=\"wpb_wrapper\">\n\t<div class=\"wpb_text_column wpb_content_element  wpb_animate_when_almost_visible wpb_fadeInUp fadeInUp vc_custom_1687978164696 text-center\" >\n\t\t<div class=\"wpb_wrapper\">\n\t\t\t<p><a class=\"button call-conversion\" href=\"tel:644368939\">Llamar<\/a><\/p>\n\n\t\t<\/div>\n\t<\/div>\n<\/div><\/div><\/div><div class=\"wpb_column vc_column_container vc_col-sm-1\/5\"><div class=\"vc_column-inner\"><div class=\"wpb_wrapper\">\n\t<div class=\"wpb_text_column wpb_content_element  wpb_animate_when_almost_visible wpb_fadeInRight fadeInRight vc_custom_1687978176735 text-center text-md-left\" >\n\t\t<div class=\"wpb_wrapper\">\n\t\t\t<p><a class=\"button whatsapp-conversion\" href=\"\/\/api.whatsapp.com\/send?phone=+34644368939\" target=\"_blank\" rel=\"noopener\">Enviar mensaje (Whatsapp)<\/a><\/p>\n\n\t\t<\/div>\n\t<\/div>\n<\/div><\/div><\/div><div class=\"wpb_column vc_column_container vc_col-sm-1\/5\"><div class=\"vc_column-inner\"><div class=\"wpb_wrapper\"><\/div><\/div><\/div><\/div><\/div><\/div><\/div><\/div><div class=\"vc_row-full-width vc_clearfix\"><\/div><div class=\"vc_row wpb_row vc_row-fluid vc_custom_1621347794228\"><div class=\"wpb_column vc_column_container vc_col-sm-2\"><div class=\"vc_column-inner\"><div class=\"wpb_wrapper\"><\/div><\/div><\/div><div class=\"wpb_column vc_column_container vc_col-sm-8\"><div class=\"vc_column-inner\"><div class=\"wpb_wrapper\">\n\t<div class=\"wpb_text_column wpb_content_element  text-center\" >\n\t\t<div class=\"wpb_wrapper\">\n\t\t\t<blockquote>\n<h3>Consejos de jardiner\u00eda:<\/h3>\n<p>Poda correctamente: Poda tus plantas de manera regular para mantenerlas saludables y promover el crecimiento.\n<\/p><\/blockquote>\n\n\t\t<\/div>\n\t<\/div>\n<\/div><\/div><\/div><div class=\"wpb_column vc_column_container vc_col-sm-2\"><div class=\"vc_column-inner\"><div class=\"wpb_wrapper\"><\/div><\/div><\/div><\/div>\n<\/div>","protected":false},"excerpt":{"rendered":"<p>Recogida de Podas Recogida de Podas en Alicante, Murcia, Valencia y Castell\u00f3n. Recogida de Podas En Ra\u00edz Verde ofrecemos un servicio de recogida de desechos de podas o talas. Una vez realizada la poda de palmeras o tala de \u00e1rboles nos encargamos de retirar los restos de hojas y ramas, de manera r\u00e1pida y eficaz.&hellip;<\/p>","protected":false},"author":1,"featured_media":2817,"parent":1434,"menu_order":0,"comment_status":"closed","ping_status":"closed","template":"","meta":{"give_campaign_id":0,"inline_featured_image":false,"footnotes":""},"class_list":["post-1368","page","type-page","status-publish","has-post-thumbnail","hentry","description-off"],"campaignId":"","_links":{"self":[{"href":"https:\/\/staging.raizverde.com\/en\/wp-json\/wp\/v2\/pages\/1368","targetHints":{"allow":["GET"]}}],"collection":[{"href":"https:\/\/staging.raizverde.com\/en\/wp-json\/wp\/v2\/pages"}],"about":[{"href":"https:\/\/staging.raizverde.com\/en\/wp-json\/wp\/v2\/types\/page"}],"author":[{"embeddable":true,"href":"https:\/\/staging.raizverde.com\/en\/wp-json\/wp\/v2\/users\/1"}],"replies":[{"embeddable":true,"href":"https:\/\/staging.raizverde.com\/en\/wp-json\/wp\/v2\/comments?post=1368"}],"version-history":[{"count":4,"href":"https:\/\/staging.raizverde.com\/en\/wp-json\/wp\/v2\/pages\/1368\/revisions"}],"predecessor-version":[{"id":5906,"href":"https:\/\/staging.raizverde.com\/en\/wp-json\/wp\/v2\/pages\/1368\/revisions\/5906"}],"up":[{"embeddable":true,"href":"https:\/\/staging.raizverde.com\/en\/wp-json\/wp\/v2\/pages\/1434"}],"wp:featuredmedia":[{"embeddable":true,"href":"https:\/\/staging.raizverde.com\/en\/wp-json\/wp\/v2\/media\/2817"}],"wp:attachment":[{"href":"https:\/\/staging.raizverde.com\/en\/wp-json\/wp\/v2\/media?parent=1368"}],"curies":[{"name":"wp","href":"https:\/\/api.w.org\/{rel}","templated":true}]}}